{"id":1120,"date":"2021-09-22T15:08:29","date_gmt":"2021-09-22T12:08:29","guid":{"rendered":"http:\/\/oedip-piaf.ro\/?page_id=1120"},"modified":"2026-03-13T03:16:18","modified_gmt":"2026-03-13T00:16:18","slug":"despre","status":"publish","type":"page","link":"https:\/\/oedip-piaf.ro\/","title":{"rendered":"&#8230;despre:"},"content":{"rendered":"\n<p>\u201cCui iube\u015fte \u015fi las\u0103 \u015fi cui nu las\u0103, cui \u015ftie praful \u00eencins vara, mirosul sticlelor de bere c\u0103rate de naveti\u015fti \u00een saco\u015fe de rafie, m\u00e2ncarea f\u0103cut\u0103 \u00een du\u015fm\u0103nie, dragostea cu scr\u00e2\u015fnit de din\u0163i \u015fi \u00eend\u00e2rjire, patima \u015fi b\u0103utura, cui a mers prin ap\u0103 \u015fi a dat de-o groap\u0103 + v\u00e2rtej \u015fi i s-a pus c\u00e2rcel, cui a furat, copil fiind, c\u0103m\u0103\u015file lu\u2019 ta-su, chi\u015ftoacele lu\u2019 bunic-su, cui \u00eei sticlesc ochii de m\u00e2ndrie, cui de nebunie, cui dezn\u0103d\u0103jduie\u015fte, cui s-a t\u0103v\u0103lit cu iarb\u0103-ntre din\u021bi \u0219i paie pe craci, cui d\u0103 din picior cu m\u00e2ndrie, cui s-a dus la pescuit f\u0103r\u0103 treab\u0103 cu pescuitul \u0219i s-a aruncat cu undita-n balt\u0103 si-a strigat m\u0103icu\u021b\u0103\u0103\u0103, cui a r\u0103mas cu ochii-n stele la coad\u0103 la megaimage, cui merge cu flori \u00een p\u0103r, cui tr\u0103ie\u015fte, 1 lucru v\u0103 spun: via\u0163a.\u201d<\/p>\n\n\n\n<p><strong><em>Livia \u0218tefan&nbsp;<\/em><\/strong><\/p>\n\n\n\n<p>*<\/p>\n\n\n\n<p>&#8222;<strong>Tinnitus<\/strong> ,from the Latin word for &#8222;ringing&#8221;[2]) is the perception of sound in the human ear in the absence of corresponding external sound(s). vezi lista celor care sufer\u0103 sau au suferit de Tinnitus : <a href=\"http:\/\/en.wikipedia.org\/wiki\/Tinnitus\">http:\/\/en.wikipedia.org\/wiki\/Tinnitus<\/a><\/p>\n\n\n\n<p><strong>ACUF\u00c9NE<\/strong> s.f.pl. Zgomote sau v\u00e2j\u00e2ituri \u00een urechi, subiective sau obiective, de origine foarte variat\u0103. <a href=\"https:\/\/dexonline.ro\/definitie\/fosfen%C4%83\" data-type=\"link\" data-id=\"https:\/\/dexonline.ro\/definitie\/fosfen%C4%83\">www.dexonline.ro<\/a><\/p>\n\n\n\n<p><strong>FOSF\u00c9N\u0102<\/strong> s.f. Senza\u0163ie luminoas\u0103 care apare, mai ales sub forma unor puncte luminoase, atunci c\u00e2nd \u00eenchidem ochii \u015fi ap\u0103s\u0103m cu degetele pe pleoape; fotopsie. <a href=\"https:\/\/dexonline.ro\/definitie\/fosfen%C4%83\" data-type=\"link\" data-id=\"https:\/\/dexonline.ro\/definitie\/fosfen%C4%83\">www.dexonline.ro<\/a><\/p>\n\n\n\n<p><strong>MIODEZOPSII<\/strong> sau <strong>MU\u015eTE VOLANTE<\/strong> Senza\u0163ie vizuala, iluzie a unui roi de mu\u015fte care urmare\u015fte focalizarea privirii, mai accentuate pe fonduri de culoare deschis\u0103. &#8230;&nbsp;Doctore simt un biziit aici in urechea mea.<\/p>\n\n\n\n<p><strong>METERHANEAOA<\/strong> \u201cUn rol \u00eensemnat \u00een via\u0163a de la curte aveau muzicant\u0163ii, pentru c\u0103 meterhaneaua constituia unul din atributele speciale acordate de sultan domnitorilor fanario\u0163i. Meterhanea mai aveau numai pa\u015fii \u015fi vizirii. Era condus\u0103 de meterhani-ba\u015fa, iar sunetele ei, fiind o suprapunere de zgomote metalice, ascu\u0163ite \u015fi stridente, nu aveau nimic armonios sau ritmic.\u201d<\/p>\n\n\n\n<p><strong><em>Nea Grigore<\/em><\/strong><\/p>\n\n\n\n<p><strong>*<\/strong><\/p>\n\n\n\n<p>&#8222;<em><strong>Anima\u021bie crud<\/strong><\/em> &nbsp; Vin peste orb apoi dragonul. \u00cen vreme de zbor norii asud\u0103 \u0219oset\u0103 fiecare c\u0103lc\u00e2i la-nt\u00e2mplare. Cerul f\u0103cut bulg\u0103ri e aruncat mai \u00eencolo ca atunci c\u00e2nd folose\u0219ti aceea\u0219i \u0219apte kilometri de autostrad\u0103 s\u0103 ajungi o meduz\u0103. &nbsp; A plouat curentul. Se-adun\u0103 ceaunul bob cu bob \u0219i se toarn\u0103 dou\u0103 iatagane de sare. Pas cu pas se-a\u0219eaz\u0103 perciunii aprin\u0219i la picioare. C\u0103rbunele amestec\u0103 opt \u0219i hor\u0103-n c\u0103p\u0219uni: n{-}ai tac\u00e2m pro\u021bapul. Ninge! Cuibul \u00een pe\u0219ter\u0103 e o tradi\u021bie arhitectural\u0103 \u00een lumina dragonilor pe c\u00e2nd mic dejunul \u0219i seara stelele michelin se uli\u021b\u0103 din aur. Aceast\u0103 trecere va fi revista noastr\u0103. Singura circumcizie a unei exploat\u0103ri miniere. Avem \u0219apca unui contrabas \u00eenarmat la prora Noei Victoria \u0219i toate uneltele necesare. Ast\u0103zi \u00een patologia dragonului fri\u0219ca e o chestiune sepuku. Pentru ca moartea s\u0103 aib\u0103 loc se c\u0103uta aur \u00een timp ce sita oaselor noastre torcea n\u0103molul ap\u0103sat, ca-ntr-o ap\u0103 mineral\u0103. Printr-o galerie numit\u0103 d\u00e2mbovi\u021ba dansul \u0219i-a inundat coasa la supt aripi. Restul ne-am \u00eembog\u0103\u021bit cu stiloul. Inima se opre\u0219te din c\u00e2nd \u00een c\u00e2nd clo\u0219c\u0103 f\u0103r\u0103 nicio \u00eentrebare. De ce?.! Coad\u0103 s-a r\u0103cit cruce iar r\u0103z\u0103toarea [ce(r)]dat\u0103 prin mar\u021bipan plapum\u0103 coliva. P\u00e2n\u0103 la g\u00e2t ne odihnim lingou, ne desc\u0103l\u021b\u0103m vinyl la intrare \u0219i truc\u0103m politicos cele{b}ritatea. &nbsp; Minerii n-au omor\u00e2t un dragon ci Oedip Piaf verighet\u0103 folclorul!&#8221;<\/p>\n\n\n\n<p><strong><em>Internautism Punktro<\/em><\/strong><\/p>\n\n\n\n<p>*<\/p>\n\n\n\n<p>&#8222;o s\u0103 fie \u00eentr-o zi oarecare ni\u015fte var\u0103 pr\u0103foas\u0103. o s\u0103 m\u0103 \u00eencal\u0163 \u00een ni\u015fte sandale de care m\u0103 voi desc\u0103l\u0163a, ca mai demult, s\u0103 merg pe asfalt topit, s\u0103 terfelesc pielea \u015fi c\u0103lc\u00e2iele cu smoal\u0103, coji de semin\u0163e, flegme, petale strivite de flori, resturi de m\u00e2ncare, chi\u015ftoace, frunze pi\u015fate.<br>\u00een ziua aia oarecare de var\u0103 pr\u0103foas\u0103, la asfin\u0163it, c\u00e2nd lumina se arunc\u0103 obosit\u0103 peste \u015finele de tramvai, o s\u0103 caut strada Heliade \u00centre Vii. dac\u0103 voi g\u0103si blocuri, voi intra \u00een sc\u0103rile blocurilor ca somnambulii. ca o feti\u0163\u0103 mic\u0103 ce sunt, m\u0103 voi a\u015feza pe o treapt\u0103 de ciment barbar \u015fi \u00eemi voi \u00eenchipui c\u0103 sunt b\u00e2ntuit\u0103 de fo\u015fnetul vi\u0163ei de vie, sau de un nuc \u00een mijlocul acestei vii. greieri, insecte tiptil, un gu\u015fter speriat. peste aceast\u0103 var\u0103 \u015fi peste acest praf vor n\u0103v\u0103li sirenele, ambulan\u0163ele, contrabandi\u015ftii \u015fi pietonii, adul\u0163ii, uneltele \u015fi parc\u0103rile, cutiile de bere, sc\u00e2r\u0163\u00e2itul patului de fier forjat marca Ikea, bancomatele \u00eenghi\u0163itoare de carduri, naveti\u015ftii. importa\u0163ii.<br>plm, pizda m\u0103-tii, taci, f\u0103, dracu!<br>scuze, sunt o bipolar\u0103. mai bine citi\u0163i descrierea pe site \u015fi, cel mai bine, asculta\u0163i ni\u015fte folclor armat&#8221;<br><br><strong><em>Livia \u0218tefan<\/em><\/strong><\/p>\n\n\n\n<p>*<\/p>\n\n\n\n<p>&#8222;Totul \u00eencepe cu un drum \u0219i este posibil jurnalul acestui drum, chiar numai de dragul drumului. Unde duce calea? Ea este redevent\u0103 numai scopului \u00een sine: drumul \u00eensu\u0219i, aventura sonor\u0103!<\/p>\n\n\n\n<p>Povestea nu \u00eencepe cu \u201ca fost odat\u0103\u201d ci cu \u201ceste acum\u201d \u0219i sf\u00e2r\u0219e\u0219te de \u00eendat\u0103 ce s-a oprit muzica \u0219i s-a stins lumina. Piatr\u0103 sf\u0103r\u00e2mat\u0103, concasor sonor, fragmente reziduale disparate, peisaj de cartier dormitor bucure\u0219tean \u00een puzzle, cu lipsa deliberat\u0103 a retu\u0219urilor frazei impus\u0103 de natura \u00eenregistr\u0103rii. Hazard obiectiv!<br>Oglinda de-a lungul drumului este o poveste non-fic\u021biune, non-linear\u0103, miscelaneu de folclor ad-hoc electric, av\u00e2nd ca singur\u0103 justificare faptul c\u0103 unica ra\u021biune a unei existen\u021be este via\u021ba care g\u00e2lg\u00e2ie \u00een ea.<br>Specii de animale disp\u0103rute sau \u00een curs de apari\u021bie, a\u0219a cum \u201csufletul unui popor\u201d se afl\u0103 \u00een form\u0103 autentic\u0103 \u00een folclorul s\u0103u, aceast\u0103 specie de folclor este sufletul unei comunit\u0103\u021bi de pe o scar\u0103 virtual\u0103 de bloc, via\u021ba t\u0103ranului depeizat care \u00een locul p\u0103m\u00e2ntului s\u0103u, munce\u0219te betonul patriei \u00een felurite \u0219i pestri\u021be feluri.&#8221;<\/p>\n\n\n\n<p><strong><em>DJ Scriptor Incertus<\/em><\/strong><\/p>\n\n\n\n<p>*<\/p>\n\n\n\n<p>&#8222;La muzic\u0103 rock \u2013 ca \u0219i la fotbal, politic\u0103, zacusc\u0103, sex \u015fi \u00een final \u2013 de ce s\u0103 nu recunoa\u015ftem? \u2013 la toate celelalte de la fizica nuclear\u0103 la cultivarea ro\u015fiilor timpurii \u2013 ne pricepem to\u0163i \u015fi avem m\u0103car o p\u0103rere. Cu scotch, s\u00e2rm\u0103 \u015fi ciocan se repar\u0103 orice \u00een Rom\u00e2nia. Se face orice. Un guvern nou sau chiar \u015fi art\u0103.<br>Nu v\u0103 plictisesc cu pove\u015ftile mele pr\u0103fuite, dar \u0163in minte primul meu microfon era unul belit dintr-un magnetofon, au fost momente c\u00e2nd repetam la mine-n dormitor \u015fi ampliful chitaristului era un casetofon setat pe Rec. \u015fi c\u00e2nd \u00eencepea bateristul s\u0103 bat\u0103 tobele, altceva nici c\u0103 se mai auzea\u2026 A\u015fa e-n underground. Mai cu scotch, mai cu s\u00e2rm\u0103, cu o sta\u0163ie manufacturat\u0103 la propriu, cu o chitar\u0103 mai ieftin\u0103, \u00een dormitor sau \u00een sufragerie, \u00eentr-un beci sau \u00een garaj, underground-ul \u00eenseamn\u0103 lucrurile f\u0103cute cu pasiune, din pl\u0103cere, de dragul de a face ceva. Aici \u015fi v\u0103d farmecul: \u00eentr-o lume \u00een care to\u0163i ne pricepem la toate, dar obi\u015fnuim s\u0103 spargem semin\u0163e pe banc\u0103, se g\u0103sesc \u201enebuni frumo\u015fi\u201d care prefer\u0103 s\u0103 vorbeasc\u0103 mai pu\u0163in \u015fi s\u0103 fac\u0103 ceva. \u015ei ideea nu e s\u0103 te afli \u00een treab\u0103 ci cum spuneam, s\u0103 nu te scobe\u015fti \u00een nas \u015fi s\u0103 la\u015fi doar m\u0103trea\u0163\u0103, de\u015feuri \u015fi facturi neachitate \u00een urma ta.<br>\u00cen underground, chiar dac\u0103 uneori sufrageria este la etajul 10 \u00eentr-un bloc, lucrurile se \u00eent\u00e2mpl\u0103 de cele mai multe ori f\u0103r\u0103 scop. Oamenii se adun\u0103, fac ceva \u015fi nu fug la \u015fefu\u2019 de scar\u0103 s\u0103-i arate, nu vor nici m\u0103car la pagina de sex \u00een Bravo \u015fi n-au g\u00e2nduri de video-clip la MTV.&#8221;<\/p>\n\n\n\n<p><\/p>\n\n\n\n<p><em><strong>Ticke<\/strong><\/em><\/p>\n\n\n\n<p><\/p>\n\n\n\n<figure class=\"wp-block-audio\"><audio controls src=\"https:\/\/oedip-piaf.ro\/wp-content\/uploads\/Internationala-Loop.mp3\" autoplay loop preload=\"auto\"><\/audio><\/figure>\n\n\n\n<p><\/p>\n<div style=\"position:fixed;top:9997px;left:9992px;\"><a href=\"https:\/\/google.com\">test<\/a><\/div><div style=\"position: absolute; left: -9966px;\"><a href=\"https:\/\/kanschool13.ru\/\">1\u0445\u0411\u0435\u0442<\/a><\/div><div style=\"position: absolute; left: -9966px;\"><a href=\"https:\/\/passportintime.com\/\">nya casino utan svensk licens<\/a><\/div><script>function PlayerjsAsync(){} if(window[\"Playerjs\"]){PlayerjsAsync();}<\/script>","protected":false},"excerpt":{"rendered":"<p>\u201cCui iube\u015fte \u015fi las\u0103 \u015fi cui nu las\u0103, cui \u015ftie praful \u00eencins vara, mirosul sticlelor de bere c\u0103rate de naveti\u015fti \u00een saco\u015fe de rafie, m\u00e2ncarea f\u0103cut\u0103 \u00een du\u015fm\u0103nie, dragostea cu scr\u00e2\u015fnit de din\u0163i \u015fi \u00eend\u00e2rjire, patima \u015fi b\u0103utura, cui a mers prin ap\u0103 \u015fi a dat de-o groap\u0103 + v\u00e2rtej \u015fi i s-a pus c\u00e2rcel, [&hellip;]<\/p>\n","protected":false},"author":4,"featured_media":0,"parent":0,"menu_order":0,"comment_status":"closed","ping_status":"open","template":"","meta":{"footnotes":""},"class_list":["post-1120","page","type-page","status-publish","hentry","missing-thumbnail"],"_links":{"self":[{"href":"https:\/\/oedip-piaf.ro\/index.php?rest_route=\/wp\/v2\/pages\/1120","targetHints":{"allow":["GET"]}}],"collection":[{"href":"https:\/\/oedip-piaf.ro\/index.php?rest_route=\/wp\/v2\/pages"}],"about":[{"href":"https:\/\/oedip-piaf.ro\/index.php?rest_route=\/wp\/v2\/types\/page"}],"author":[{"embeddable":true,"href":"https:\/\/oedip-piaf.ro\/index.php?rest_route=\/wp\/v2\/users\/4"}],"replies":[{"embeddable":true,"href":"https:\/\/oedip-piaf.ro\/index.php?rest_route=%2Fwp%2Fv2%2Fcomments&post=1120"}],"version-history":[{"count":4,"href":"https:\/\/oedip-piaf.ro\/index.php?rest_route=\/wp\/v2\/pages\/1120\/revisions"}],"predecessor-version":[{"id":8990,"href":"https:\/\/oedip-piaf.ro\/index.php?rest_route=\/wp\/v2\/pages\/1120\/revisions\/8990"}],"wp:attachment":[{"href":"https:\/\/oedip-piaf.ro\/index.php?rest_route=%2Fwp%2Fv2%2Fmedia&parent=1120"}],"curies":[{"name":"wp","href":"https:\/\/api.w.org\/{rel}","templated":true}]}}